{"id":48,"date":"2020-11-09T12:19:51","date_gmt":"2020-11-09T11:19:51","guid":{"rendered":"https:\/\/alpeker.it\/home\/"},"modified":"2024-05-13T09:04:23","modified_gmt":"2024-05-13T07:04:23","slug":"home","status":"publish","type":"page","link":"https:\/\/alpeker.it\/de\/","title":{"rendered":"Home"},"content":{"rendered":"<p>Alpeker bietet Ihnen qualitativ hochwertige Tiefk\u00fchl- und Fertiggerichte, die dank der Tiefk\u00fchlung ihre Authentizit\u00e4t und G\u00fcte \u00fcber die gesamte Lieferkette hinweg bewahren.<\/p>\n","protected":false},"excerpt":{"rendered":"<p>Alpeker bietet Ihnen qualitativ hochwertige Tiefk\u00fchl- und Fertiggerichte, die dank der Tiefk\u00fchlung ihre Authentizit\u00e4t und G\u00fcte \u00fcber die gesamte Lieferkette hinweg bewahren.<\/p>\n","protected":false},"author":1,"featured_media":2837,"parent":0,"menu_order":0,"comment_status":"closed","ping_status":"closed","template":"index.php","meta":{"_acf_changed":false,"footnotes":""},"class_list":["post-48","page","type-page","status-publish","has-post-thumbnail","hentry"],"acf":[],"_links":{"self":[{"href":"https:\/\/alpeker.it\/de\/wp-json\/wp\/v2\/pages\/48","targetHints":{"allow":["GET"]}}],"collection":[{"href":"https:\/\/alpeker.it\/de\/wp-json\/wp\/v2\/pages"}],"about":[{"href":"https:\/\/alpeker.it\/de\/wp-json\/wp\/v2\/types\/page"}],"author":[{"embeddable":true,"href":"https:\/\/alpeker.it\/de\/wp-json\/wp\/v2\/users\/1"}],"replies":[{"embeddable":true,"href":"https:\/\/alpeker.it\/de\/wp-json\/wp\/v2\/comments?post=48"}],"version-history":[{"count":16,"href":"https:\/\/alpeker.it\/de\/wp-json\/wp\/v2\/pages\/48\/revisions"}],"predecessor-version":[{"id":2825,"href":"https:\/\/alpeker.it\/de\/wp-json\/wp\/v2\/pages\/48\/revisions\/2825"}],"wp:featuredmedia":[{"embeddable":true,"href":"https:\/\/alpeker.it\/de\/wp-json\/wp\/v2\/media\/2837"}],"wp:attachment":[{"href":"https:\/\/alpeker.it\/de\/wp-json\/wp\/v2\/media?parent=48"}],"curies":[{"name":"wp","href":"https:\/\/api.w.org\/{rel}","templated":true}]}}