{"id":53,"date":"2020-11-09T15:22:05","date_gmt":"2020-11-09T14:22:05","guid":{"rendered":"https:\/\/alpeker.it\/chi-siamo\/"},"modified":"2022-03-30T10:01:43","modified_gmt":"2022-03-30T08:01:43","slug":"alpeker","status":"publish","type":"page","link":"https:\/\/alpeker.it\/de\/alpeker\/","title":{"rendered":"Alpeker"},"content":{"rendered":"<p>Alpeker wurde 2012 mit der Absicht gegr\u00fcndet, das typische S\u00fcdtiroler Kunsthandwerk aufzuwerten und zu sch\u00fctzen und es auf dem nationalen Markt zu f\u00f6rdern.<\/p>\n<p>Zun\u00e4chst wurde ein Modell der lokalen Entwicklung mit &#8222;nachhaltigem&#8220; Charakter durch die Aufwertung lokaler Ressourcen geschaffen, die in der Lage sind, qualitativ hochwertige Produkte herzustellen.<\/p>\n<p>Im Laufe der Jahre hat Alpeker seinen Ansatz auf dem Markt mit einem neuen Ziel weiterentwickelt: den Kunden <strong>innovative, marktgerechte Tiefk\u00fchlprodukte<\/strong> anzubieten, die den Bed\u00fcrfnissen der Verbraucher entsprechen oder diese vorwegnehmen.<\/p>\n","protected":false},"excerpt":{"rendered":"<p>Alpeker wurde 2012 mit der Absicht gegr\u00fcndet, das typische S\u00fcdtiroler Kunsthandwerk aufzuwerten und zu sch\u00fctzen und es auf dem nationalen Markt zu f\u00f6rdern. Zun\u00e4chst wurde ein Modell der lokalen Entwicklung mit &#8222;nachhaltigem&#8220; Charakter durch die Aufwertung lokaler Ressourcen geschaffen, die in der Lage sind, qualitativ hochwertige Produkte herzustellen. Im Laufe der Jahre hat Alpeker seinen [&hellip;]<\/p>\n","protected":false},"author":1,"featured_media":344,"parent":0,"menu_order":0,"comment_status":"closed","ping_status":"closed","template":"page-about.php","meta":{"_acf_changed":false,"footnotes":""},"class_list":["post-53","page","type-page","status-publish","has-post-thumbnail","hentry"],"acf":[],"_links":{"self":[{"href":"https:\/\/alpeker.it\/de\/wp-json\/wp\/v2\/pages\/53","targetHints":{"allow":["GET"]}}],"collection":[{"href":"https:\/\/alpeker.it\/de\/wp-json\/wp\/v2\/pages"}],"about":[{"href":"https:\/\/alpeker.it\/de\/wp-json\/wp\/v2\/types\/page"}],"author":[{"embeddable":true,"href":"https:\/\/alpeker.it\/de\/wp-json\/wp\/v2\/users\/1"}],"replies":[{"embeddable":true,"href":"https:\/\/alpeker.it\/de\/wp-json\/wp\/v2\/comments?post=53"}],"version-history":[{"count":30,"href":"https:\/\/alpeker.it\/de\/wp-json\/wp\/v2\/pages\/53\/revisions"}],"predecessor-version":[{"id":1952,"href":"https:\/\/alpeker.it\/de\/wp-json\/wp\/v2\/pages\/53\/revisions\/1952"}],"wp:featuredmedia":[{"embeddable":true,"href":"https:\/\/alpeker.it\/de\/wp-json\/wp\/v2\/media\/344"}],"wp:attachment":[{"href":"https:\/\/alpeker.it\/de\/wp-json\/wp\/v2\/media?parent=53"}],"curies":[{"name":"wp","href":"https:\/\/api.w.org\/{rel}","templated":true}]}}